{"id":154,"date":"2020-05-04T14:59:32","date_gmt":"2020-05-04T14:59:32","guid":{"rendered":"http:\/\/lagaviota-v2\/?page_id=154"},"modified":"2020-10-09T09:03:34","modified_gmt":"2020-10-09T09:03:34","slug":"sanitarios","status":"publish","type":"page","link":"https:\/\/lagaviota.com\/ca\/servicios\/sanitarios\/","title":{"rendered":"Sanitaris"},"content":{"rendered":"<p>Banys climatitzats per a nadons i fam\u00edlies. Dutxes a l&#8217;aire lliure. Dutxes per a mascotes. Zona de rentat de peus per quan tornis de la platja. Hem augmentat la freq\u00fc\u00e8ncia de desinfecci\u00f3 en totes les instal\u00b7lacions sanit\u00e0ries.<\/p>","protected":false},"excerpt":{"rendered":"Banys climatitzats per a nadons i fam\u00edlies. Dutxes a l&#8217;aire lliure. Dutxes per a mascotes. Zona de rentat de peus per quan tornis de la platja. Hem augmentat la freq\u00fc\u00e8ncia de desinfecci\u00f3 en totes les instal\u00b7lacions sanit\u00e0ries.","protected":false},"author":1001,"featured_media":159,"parent":15,"menu_order":2,"comment_status":"closed","ping_status":"closed","template":"page-services_subpage.php","meta":{"_acf_changed":false,"footnotes":""},"class_list":["post-154","page","type-page","status-publish","has-post-thumbnail","hentry"],"acf":[],"_links":{"self":[{"href":"https:\/\/lagaviota.com\/ca\/wp-json\/wp\/v2\/pages\/154","targetHints":{"allow":["GET"]}}],"collection":[{"href":"https:\/\/lagaviota.com\/ca\/wp-json\/wp\/v2\/pages"}],"about":[{"href":"https:\/\/lagaviota.com\/ca\/wp-json\/wp\/v2\/types\/page"}],"author":[{"embeddable":true,"href":"https:\/\/lagaviota.com\/ca\/wp-json\/wp\/v2\/users\/1001"}],"replies":[{"embeddable":true,"href":"https:\/\/lagaviota.com\/ca\/wp-json\/wp\/v2\/comments?post=154"}],"version-history":[{"count":0,"href":"https:\/\/lagaviota.com\/ca\/wp-json\/wp\/v2\/pages\/154\/revisions"}],"up":[{"embeddable":true,"href":"https:\/\/lagaviota.com\/ca\/wp-json\/wp\/v2\/pages\/15"}],"wp:featuredmedia":[{"embeddable":true,"href":"https:\/\/lagaviota.com\/ca\/wp-json\/wp\/v2\/media\/159"}],"wp:attachment":[{"href":"https:\/\/lagaviota.com\/ca\/wp-json\/wp\/v2\/media?parent=154"}],"curies":[{"name":"wp","href":"https:\/\/api.w.org\/{rel}","templated":true}]}}