{"id":150,"date":"2020-05-04T14:58:27","date_gmt":"2020-05-04T14:58:27","guid":{"rendered":"http:\/\/lagaviota-v2\/?page_id=150"},"modified":"2025-08-23T12:15:37","modified_gmt":"2025-08-23T12:15:37","slug":"entretenimientos","status":"publish","type":"page","link":"https:\/\/lagaviota.com\/ca\/servicios\/entretenimientos\/","title":{"rendered":"Animaci\u00f3"},"content":{"rendered":"<p>Ens caracteritza la tranquil\u00b7litat i el respecte per la natura. Al nostre c\u00e0mping oferim concerts algunes nits en petit format i nom\u00e9s en temporada alta. Tamb\u00e9 hi ha activitats per a nens a les tardes en temporada alta i festes espor\u00e0diques amb inflables per als nens del c\u00e0mping. Sovint hi ha cursos de surf a preus redu\u00efts per als nostres clients i altres avantatges. T&#8217;informarem a la <a href=\"https:\/\/lagaviota.com\/ca\/recepcion\/\">Recepci\u00f3<\/a>!<\/p>","protected":false},"excerpt":{"rendered":"Mini club, festes d&#8217;inflables aqu\u00e0tics, espectacles nocturns&#8230; Estem preparant un programa que respecti els protocols de c\u00f2vid. Estigueu atents a les nostres xarxes socials, o als plafons informatius del c\u00e0mping.","protected":false},"author":1001,"featured_media":1723,"parent":15,"menu_order":6,"comment_status":"closed","ping_status":"closed","template":"page-services_subpage.php","meta":{"_acf_changed":false,"footnotes":""},"class_list":["post-150","page","type-page","status-publish","has-post-thumbnail","hentry"],"acf":[],"_links":{"self":[{"href":"https:\/\/lagaviota.com\/ca\/wp-json\/wp\/v2\/pages\/150","targetHints":{"allow":["GET"]}}],"collection":[{"href":"https:\/\/lagaviota.com\/ca\/wp-json\/wp\/v2\/pages"}],"about":[{"href":"https:\/\/lagaviota.com\/ca\/wp-json\/wp\/v2\/types\/page"}],"author":[{"embeddable":true,"href":"https:\/\/lagaviota.com\/ca\/wp-json\/wp\/v2\/users\/1001"}],"replies":[{"embeddable":true,"href":"https:\/\/lagaviota.com\/ca\/wp-json\/wp\/v2\/comments?post=150"}],"version-history":[{"count":1,"href":"https:\/\/lagaviota.com\/ca\/wp-json\/wp\/v2\/pages\/150\/revisions"}],"predecessor-version":[{"id":1726,"href":"https:\/\/lagaviota.com\/ca\/wp-json\/wp\/v2\/pages\/150\/revisions\/1726"}],"up":[{"embeddable":true,"href":"https:\/\/lagaviota.com\/ca\/wp-json\/wp\/v2\/pages\/15"}],"wp:featuredmedia":[{"embeddable":true,"href":"https:\/\/lagaviota.com\/ca\/wp-json\/wp\/v2\/media\/1723"}],"wp:attachment":[{"href":"https:\/\/lagaviota.com\/ca\/wp-json\/wp\/v2\/media?parent=150"}],"curies":[{"name":"wp","href":"https:\/\/api.w.org\/{rel}","templated":true}]}}