{"id":1163,"date":"2024-02-05T09:55:03","date_gmt":"2024-02-05T09:55:03","guid":{"rendered":"https:\/\/lagaviota.plesk.myfocus.es\/?page_id=1163"},"modified":"2025-08-23T12:23:18","modified_gmt":"2025-08-23T12:23:18","slug":"gaviota-club","status":"publish","type":"page","link":"https:\/\/lagaviota.com\/ca\/gaviota-club\/","title":{"rendered":"Gaviota Club"},"content":{"rendered":"<p>Gaudiu de llargues estades al nostre c\u00e0mping amb preus especials per a persones jubilades.<\/p>\n<p>El preu per nit inclou llum i dues persones.<\/p>\n<p>Les parcel\u00b7les s\u00f3n de fins a 80 m2, ombrejades i amb gespa.<br \/>\nCompte! Necessitar\u00e0s un adaptador trif\u00e0sic per als endolls.<\/p>\n<p>El wifi arriba a totes les parcel\u00b7les. Pots comprar els tiquets a recepci\u00f3.<\/p>\n<p>S\u00ed, \u00e9s possible passar les vacances en un c\u00e0mping petit, acollidor ia peu de platja, \u00e9s clar!<\/p>","protected":false},"excerpt":{"rendered":"<p class=\"qtranxs-available-languages-message qtranxs-available-languages-message-ca\">Ho sentim, aquesta entrada es troba disponible \u00fanicament en <a href=\"https:\/\/lagaviota.com\/nl\/wp-json\/wp\/v2\/pages\/1163\" class=\"qtranxs-available-language-link qtranxs-available-language-link-nl\" title=\"nl\">nl<\/a>.<\/p>","protected":false},"author":1001,"featured_media":1165,"parent":0,"menu_order":1,"comment_status":"closed","ping_status":"closed","template":"page-single_accomodation.php","meta":{"_acf_changed":false,"footnotes":""},"class_list":["post-1163","page","type-page","status-publish","has-post-thumbnail","hentry"],"acf":[],"_links":{"self":[{"href":"https:\/\/lagaviota.com\/ca\/wp-json\/wp\/v2\/pages\/1163","targetHints":{"allow":["GET"]}}],"collection":[{"href":"https:\/\/lagaviota.com\/ca\/wp-json\/wp\/v2\/pages"}],"about":[{"href":"https:\/\/lagaviota.com\/ca\/wp-json\/wp\/v2\/types\/page"}],"author":[{"embeddable":true,"href":"https:\/\/lagaviota.com\/ca\/wp-json\/wp\/v2\/users\/1001"}],"replies":[{"embeddable":true,"href":"https:\/\/lagaviota.com\/ca\/wp-json\/wp\/v2\/comments?post=1163"}],"version-history":[{"count":1,"href":"https:\/\/lagaviota.com\/ca\/wp-json\/wp\/v2\/pages\/1163\/revisions"}],"predecessor-version":[{"id":1746,"href":"https:\/\/lagaviota.com\/ca\/wp-json\/wp\/v2\/pages\/1163\/revisions\/1746"}],"wp:featuredmedia":[{"embeddable":true,"href":"https:\/\/lagaviota.com\/ca\/wp-json\/wp\/v2\/media\/1165"}],"wp:attachment":[{"href":"https:\/\/lagaviota.com\/ca\/wp-json\/wp\/v2\/media?parent=1163"}],"curies":[{"name":"wp","href":"https:\/\/api.w.org\/{rel}","templated":true}]}}